{"id":1973,"date":"2025-05-14T13:03:09","date_gmt":"2025-05-14T13:03:09","guid":{"rendered":"https:\/\/linhareslaw.com\/es\/?page_id=1973"},"modified":"2025-07-14T22:37:31","modified_gmt":"2025-07-14T22:37:31","slug":"visa-eb1","status":"publish","type":"page","link":"https:\/\/linhareslaw.com\/es\/visa-eb1\/","title":{"rendered":"Visa EB1"},"content":{"rendered":"\t\t<div data-elementor-type=\"wp-page\" data-elementor-id=\"1973\" class=\"elementor elementor-1973\" data-elementor-post-type=\"page\">\n\t\t\t\t<div class=\"elementor-element elementor-element-790fda4d e-flex e-con-boxed e-con e-parent\" data-id=\"790fda4d\" data-element_type=\"container\" data-e-type=\"container\" data-settings=\"{&quot;background_background&quot;:&quot;classic&quot;}\">\n\t\t\t\t\t<div class=\"e-con-inner\">\n\t\t<div class=\"elementor-element elementor-element-199e9760 e-con-full e-flex e-con e-child\" data-id=\"199e9760\" data-element_type=\"container\" data-e-type=\"container\">\n\t\t\t\t<div class=\"elementor-element elementor-element-7b6d2fee elementor-widget elementor-widget-heading\" data-id=\"7b6d2fee\" data-element_type=\"widget\" data-e-type=\"widget\" data-widget_type=\"heading.default\">\n\t\t\t\t<div class=\"elementor-widget-container\">\n\t\t\t\t\t<h1 class=\"elementor-heading-title elementor-size-default\">Visa EB1<\/h1>\t\t\t\t<\/div>\n\t\t\t\t<\/div>\n\t\t\t\t<\/div>\n\t\t\t\t\t<\/div>\n\t\t\t\t<\/div>\n\t\t<div class=\"elementor-element elementor-element-78536f70 e-flex e-con-boxed e-con e-parent\" data-id=\"78536f70\" data-element_type=\"container\" data-e-type=\"container\">\n\t\t\t\t\t<div class=\"e-con-inner\">\n\t\t<div class=\"elementor-element elementor-element-1813a24b e-con-full e-flex e-con e-child\" data-id=\"1813a24b\" data-element_type=\"container\" data-e-type=\"container\">\n\t\t\t\t<div class=\"elementor-element elementor-element-1c611a15 elementor-widget elementor-widget-heading\" data-id=\"1c611a15\" data-element_type=\"widget\" data-e-type=\"widget\" data-widget_type=\"heading.default\">\n\t\t\t\t<div class=\"elementor-widget-container\">\n\t\t\t\t\t<h2 class=\"elementor-heading-title elementor-size-default\">Usted est\u00e1 a un paso de obtener la visa EB-1.<\/h2>\t\t\t\t<\/div>\n\t\t\t\t<\/div>\n\t\t\t\t<div class=\"elementor-element elementor-element-751c7ac4 elementor-widget elementor-widget-text-editor\" data-id=\"751c7ac4\" data-element_type=\"widget\" data-e-type=\"widget\" data-widget_type=\"text-editor.default\">\n\t\t\t\t<div class=\"elementor-widget-container\">\n\t\t\t\t\t\t\t\t\tLa visa EB-1 es una v\u00eda migratoria altamente valorada en los Estados Unidos, reservada para individuos con habilidades extraordinarias en sus respectivas \u00e1reas. Esta visa est\u00e1 dise\u00f1ada para reconocer y acoger talentos excepcionales de todo el mundo que contribuyen de manera significativa a los campos de la ciencia, el arte, el deporte, los negocios o la educaci\u00f3n en los Estados Unidos.\n\nPara calificar para la visa EB-1, el solicitante debe demostrar logros notables y sostenidos en su campo espec\u00edfico. Esto puede incluir reconocimientos nacionales o internacionales a trav\u00e9s de premios, publicaciones, patentes o liderazgo en organizaciones profesionales. Atletas profesionales destacados, artistas de renombre internacional y ejecutivos de empresas multinacionales tambi\u00e9n pueden ser elegibles para esta categor\u00eda de visa.\n\nLa visa EB-1 ofrece una v\u00eda directa hacia la residencia permanente en los Estados Unidos, eliminando la necesidad de un patrocinador empleador. Los titulares de esta visa pueden solicitar la Green Card sin requerir un proceso de certificaci\u00f3n laboral, lo cual simplifica significativamente el proceso migratorio.\n\nEn Linhares Law, estamos comprometidos a ayudar a individuos talentosos y excepcionales a alcanzar sus objetivos migratorios. Nuestro equipo experimentado ofrece asesoramiento integral y asistencia personalizada a quienes buscan la visa EB-1. Desde la evaluaci\u00f3n inicial del caso hasta la preparaci\u00f3n y presentaci\u00f3n de la solicitud, estamos aqu\u00ed para hacer que el proceso sea lo m\u00e1s sencillo y eficiente posible para nuestros clientes.\t\t\t\t\t\t\t\t<\/div>\n\t\t\t\t<\/div>\n\t\t\t\t<\/div>\n\t\t\t\t\t<\/div>\n\t\t\t\t<\/div>\n\t\t<div class=\"elementor-element elementor-element-902d03e e-flex e-con-boxed e-con e-parent\" data-id=\"902d03e\" data-element_type=\"container\" data-e-type=\"container\" data-settings=\"{&quot;background_background&quot;:&quot;classic&quot;}\">\n\t\t\t\t\t<div class=\"e-con-inner\">\n\t\t<div class=\"elementor-element elementor-element-7657b83 e-con-full e-flex e-con e-child\" data-id=\"7657b83\" data-element_type=\"container\" data-e-type=\"container\">\n\t\t<div class=\"elementor-element elementor-element-d294546 e-con-full e-flex e-con e-child\" data-id=\"d294546\" data-element_type=\"container\" data-e-type=\"container\">\n\t\t<div class=\"elementor-element elementor-element-9867fc7 e-con-full e-flex e-con e-child\" data-id=\"9867fc7\" data-element_type=\"container\" data-e-type=\"container\">\n\t\t\t\t<div class=\"elementor-element elementor-element-b505bff elementor-invisible elementor-widget elementor-widget-heading\" data-id=\"b505bff\" data-element_type=\"widget\" data-e-type=\"widget\" data-settings=\"{&quot;_animation&quot;:&quot;fadeInUp&quot;,&quot;_animation_delay&quot;:500}\" data-widget_type=\"heading.default\">\n\t\t\t\t<div class=\"elementor-widget-container\">\n\t\t\t\t\t<span class=\"elementor-heading-title elementor-size-default\">Visa EB1<\/span>\t\t\t\t<\/div>\n\t\t\t\t<\/div>\n\t\t\t\t<div class=\"elementor-element elementor-element-ee87fee elementor-invisible elementor-widget elementor-widget-heading\" data-id=\"ee87fee\" data-element_type=\"widget\" data-e-type=\"widget\" data-settings=\"{&quot;_animation&quot;:&quot;fadeInUp&quot;,&quot;_animation_delay&quot;:600}\" data-widget_type=\"heading.default\">\n\t\t\t\t<div class=\"elementor-widget-container\">\n\t\t\t\t\t<h2 class=\"elementor-heading-title elementor-size-default\">Existen tres categor\u00edas distintas dentro de la visa EB-1, y cada una de ellas cuenta con criterios espec\u00edficos de elegibilidad:<\/h2>\t\t\t\t<\/div>\n\t\t\t\t<\/div>\n\t\t\t\t<div class=\"elementor-element elementor-element-b8c7d2f elementor-widget-divider--view-line elementor-invisible elementor-widget elementor-widget-divider\" data-id=\"b8c7d2f\" data-element_type=\"widget\" data-e-type=\"widget\" data-settings=\"{&quot;_animation&quot;:&quot;fadeInUp&quot;,&quot;_animation_delay&quot;:700}\" data-widget_type=\"divider.default\">\n\t\t\t\t<div class=\"elementor-widget-container\">\n\t\t\t\t\t\t\t<div class=\"elementor-divider\">\n\t\t\t<span class=\"elementor-divider-separator\">\n\t\t\t\t\t\t<\/span>\n\t\t<\/div>\n\t\t\t\t\t\t<\/div>\n\t\t\t\t<\/div>\n\t\t\t\t<div class=\"elementor-element elementor-element-63cdace elementor-widget elementor-widget-text-editor\" data-id=\"63cdace\" data-element_type=\"widget\" data-e-type=\"widget\" data-widget_type=\"text-editor.default\">\n\t\t\t\t<div class=\"elementor-widget-container\">\n\t\t\t\t\t\t\t\t\tLa visa EB-1 en los Estados Unidos est\u00e1 reservada para individuos que se destacan en sus \u00e1reas de especializaci\u00f3n y poseen habilidades extraordinarias. Existen tres categor\u00edas distintas dentro de la visa EB-1, cada una con criterios espec\u00edficos de elegibilidad:\t\t\t\t\t\t\t\t<\/div>\n\t\t\t\t<\/div>\n\t\t\t\t<\/div>\n\t\t<div class=\"elementor-element elementor-element-309dfdf e-con-full e-flex e-con e-child\" data-id=\"309dfdf\" data-element_type=\"container\" data-e-type=\"container\">\n\t\t<div class=\"elementor-element elementor-element-2d3faaa e-con-full e-flex elementor-invisible e-con e-child\" data-id=\"2d3faaa\" data-element_type=\"container\" data-e-type=\"container\" data-settings=\"{&quot;animation&quot;:&quot;fadeInUp&quot;}\">\n\t\t\t\t<div class=\"elementor-element elementor-element-f769aff elementor-view-default elementor-widget elementor-widget-icon\" data-id=\"f769aff\" data-element_type=\"widget\" data-e-type=\"widget\" data-widget_type=\"icon.default\">\n\t\t\t\t<div class=\"elementor-widget-container\">\n\t\t\t\t\t\t\t<div class=\"elementor-icon-wrapper\">\n\t\t\t<div class=\"elementor-icon\">\n\t\t\t<i aria-hidden=\"true\" class=\"icon icon-customer-support-2\"><\/i>\t\t\t<\/div>\n\t\t<\/div>\n\t\t\t\t\t\t<\/div>\n\t\t\t\t<\/div>\n\t\t\t\t<div class=\"elementor-element elementor-element-5423311 elementor-widget-divider--view-line elementor-widget elementor-widget-divider\" data-id=\"5423311\" data-element_type=\"widget\" data-e-type=\"widget\" data-widget_type=\"divider.default\">\n\t\t\t\t<div class=\"elementor-widget-container\">\n\t\t\t\t\t\t\t<div class=\"elementor-divider\">\n\t\t\t<span class=\"elementor-divider-separator\">\n\t\t\t\t\t\t<\/span>\n\t\t<\/div>\n\t\t\t\t\t\t<\/div>\n\t\t\t\t<\/div>\n\t\t\t\t<div class=\"elementor-element elementor-element-f1ee1aa elementor-widget elementor-widget-heading\" data-id=\"f1ee1aa\" data-element_type=\"widget\" data-e-type=\"widget\" data-widget_type=\"heading.default\">\n\t\t\t\t<div class=\"elementor-widget-container\">\n\t\t\t\t\t<h4 class=\"elementor-heading-title elementor-size-default\">Habilidad Extraordinaria<\/h4>\t\t\t\t<\/div>\n\t\t\t\t<\/div>\n\t\t\t\t<div class=\"elementor-element elementor-element-84d56e4 elementor-widget elementor-widget-text-editor\" data-id=\"84d56e4\" data-element_type=\"widget\" data-e-type=\"widget\" data-widget_type=\"text-editor.default\">\n\t\t\t\t<div class=\"elementor-widget-container\">\n\t\t\t\t\t\t\t\t\tDebe demostrar **habilidad extraordinaria** en las ciencias, las artes, la educaci\u00f3n, los negocios o el deporte, mediante un reconocimiento nacional o internacional continuo. Sus logros deben estar respaldados por documentaci\u00f3n extensa que acredite dicho reconocimiento en su campo. No se requiere una oferta de empleo para esta categor\u00eda.\n\t\t\t\t\t\t\t\t<\/div>\n\t\t\t\t<\/div>\n\t\t\t\t<\/div>\n\t\t\t\t<\/div>\n\t\t\t\t<\/div>\n\t\t<div class=\"elementor-element elementor-element-05e6a4a e-con-full e-flex e-con e-child\" data-id=\"05e6a4a\" data-element_type=\"container\" data-e-type=\"container\">\n\t\t<div class=\"elementor-element elementor-element-dba6a8c e-con-full e-flex elementor-invisible e-con e-child\" data-id=\"dba6a8c\" data-element_type=\"container\" data-e-type=\"container\" data-settings=\"{&quot;animation&quot;:&quot;fadeInUp&quot;}\">\n\t\t\t\t<div class=\"elementor-element elementor-element-c47a2ad elementor-view-default elementor-widget elementor-widget-icon\" data-id=\"c47a2ad\" data-element_type=\"widget\" data-e-type=\"widget\" data-widget_type=\"icon.default\">\n\t\t\t\t<div class=\"elementor-widget-container\">\n\t\t\t\t\t\t\t<div class=\"elementor-icon-wrapper\">\n\t\t\t<div class=\"elementor-icon\">\n\t\t\t<i aria-hidden=\"true\" class=\"icon icon-team\"><\/i>\t\t\t<\/div>\n\t\t<\/div>\n\t\t\t\t\t\t<\/div>\n\t\t\t\t<\/div>\n\t\t\t\t<div class=\"elementor-element elementor-element-bc60b18 elementor-widget-divider--view-line elementor-widget elementor-widget-divider\" data-id=\"bc60b18\" data-element_type=\"widget\" data-e-type=\"widget\" data-widget_type=\"divider.default\">\n\t\t\t\t<div class=\"elementor-widget-container\">\n\t\t\t\t\t\t\t<div class=\"elementor-divider\">\n\t\t\t<span class=\"elementor-divider-separator\">\n\t\t\t\t\t\t<\/span>\n\t\t<\/div>\n\t\t\t\t\t\t<\/div>\n\t\t\t\t<\/div>\n\t\t\t\t<div class=\"elementor-element elementor-element-5aaff69 elementor-widget elementor-widget-heading\" data-id=\"5aaff69\" data-element_type=\"widget\" data-e-type=\"widget\" data-widget_type=\"heading.default\">\n\t\t\t\t<div class=\"elementor-widget-container\">\n\t\t\t\t\t<h4 class=\"elementor-heading-title elementor-size-default\">Administrador o Ejecutivo Multinacional<\/h4>\t\t\t\t<\/div>\n\t\t\t\t<\/div>\n\t\t\t\t<div class=\"elementor-element elementor-element-6f5e96e elementor-widget elementor-widget-text-editor\" data-id=\"6f5e96e\" data-element_type=\"widget\" data-e-type=\"widget\" data-widget_type=\"text-editor.default\">\n\t\t\t\t<div class=\"elementor-widget-container\">\n\t\t\t\t\t\t\t\t\tDebe haber estado empleado fuera de los Estados Unidos durante al menos uno de los tres a\u00f1os previos a la solicitud, trabajando para la misma empresa o corporaci\u00f3n. Adem\u00e1s, debe solicitar ingresar a los Estados Unidos para continuar desempe\u00f1ando funciones en la misma empresa u organizaci\u00f3n. Su empleo fuera de los Estados Unidos debe haber sido en una capacidad gerencial o ejecutiva, con el mismo empleador, una filial o una subsidiaria de dicho empleador.\n\t\t\t\t\t\t\t\t<\/div>\n\t\t\t\t<\/div>\n\t\t\t\t<\/div>\n\t\t<div class=\"elementor-element elementor-element-b94d50f e-con-full e-flex elementor-invisible e-con e-child\" data-id=\"b94d50f\" data-element_type=\"container\" data-e-type=\"container\" data-settings=\"{&quot;animation&quot;:&quot;fadeInDown&quot;}\">\n\t\t\t\t<div class=\"elementor-element elementor-element-14dff84 elementor-view-default elementor-widget elementor-widget-icon\" data-id=\"14dff84\" data-element_type=\"widget\" data-e-type=\"widget\" data-widget_type=\"icon.default\">\n\t\t\t\t<div class=\"elementor-widget-container\">\n\t\t\t\t\t\t\t<div class=\"elementor-icon-wrapper\">\n\t\t\t<div class=\"elementor-icon\">\n\t\t\t<i aria-hidden=\"true\" class=\"icon icon-save-money\"><\/i>\t\t\t<\/div>\n\t\t<\/div>\n\t\t\t\t\t\t<\/div>\n\t\t\t\t<\/div>\n\t\t\t\t<div class=\"elementor-element elementor-element-053e60c elementor-widget-divider--view-line elementor-widget elementor-widget-divider\" data-id=\"053e60c\" data-element_type=\"widget\" data-e-type=\"widget\" data-widget_type=\"divider.default\">\n\t\t\t\t<div class=\"elementor-widget-container\">\n\t\t\t\t\t\t\t<div class=\"elementor-divider\">\n\t\t\t<span class=\"elementor-divider-separator\">\n\t\t\t\t\t\t<\/span>\n\t\t<\/div>\n\t\t\t\t\t\t<\/div>\n\t\t\t\t<\/div>\n\t\t\t\t<div class=\"elementor-element elementor-element-bfa08ac elementor-widget elementor-widget-heading\" data-id=\"bfa08ac\" data-element_type=\"widget\" data-e-type=\"widget\" data-widget_type=\"heading.default\">\n\t\t\t\t<div class=\"elementor-widget-container\">\n\t\t\t\t\t<h4 class=\"elementor-heading-title elementor-size-default\">Profesores e Investigadores Sobresalientes\n<\/h4>\t\t\t\t<\/div>\n\t\t\t\t<\/div>\n\t\t\t\t<div class=\"elementor-element elementor-element-10d1b95 elementor-widget elementor-widget-text-editor\" data-id=\"10d1b95\" data-element_type=\"widget\" data-e-type=\"widget\" data-widget_type=\"text-editor.default\">\n\t\t\t\t<div class=\"elementor-widget-container\">\n\t\t\t\t\t\t\t\t\tDebe demostrar reconocimiento internacional por sus logros y aportes en un \u00e1rea acad\u00e9mica espec\u00edfica. Debe contar con al menos tres a\u00f1os de experiencia en ense\u00f1anza o investigaci\u00f3n en dicha \u00e1rea. Adem\u00e1s, debe emigrar a los Estados Unidos para continuar su carrera profesional mediante un puesto de titularidad (tenure), tenure-track o un cargo de investigaci\u00f3n equivalente en una universidad u otra instituci\u00f3n de educaci\u00f3n superior.\t\t\t\t\t\t\t\t<\/div>\n\t\t\t\t<\/div>\n\t\t\t\t<\/div>\n\t\t\t\t<\/div>\n\t\t<div class=\"elementor-element elementor-element-0213a08 e-con-full e-flex e-con e-child\" data-id=\"0213a08\" data-element_type=\"container\" data-e-type=\"container\">\n\t\t<div class=\"elementor-element elementor-element-0bd5fae e-con-full e-flex e-con e-child\" data-id=\"0bd5fae\" data-element_type=\"container\" data-e-type=\"container\">\n\t\t\t\t<div class=\"elementor-element elementor-element-ac332e3 elementor-align-center elementor-widget__width-auto elementor-widget elementor-widget-button\" data-id=\"ac332e3\" data-element_type=\"widget\" data-e-type=\"widget\" data-widget_type=\"button.default\">\n\t\t\t\t<div class=\"elementor-widget-container\">\n\t\t\t\t\t\t\t\t\t<div class=\"elementor-button-wrapper\">\n\t\t\t\t\t<a class=\"elementor-button elementor-button-link elementor-size-sm\" href=\"#elementor-action%3Aaction%3Dpopup%3Aopen%26settings%3DeyJpZCI6IjE5NDciLCJ0b2dnbGUiOmZhbHNlfQ%3D%3D\" target=\"_blank\">\n\t\t\t\t\t\t<span class=\"elementor-button-content-wrapper\">\n\t\t\t\t\t\t\t\t\t<span class=\"elementor-button-text\">HAGA SU CITA<\/span>\n\t\t\t\t\t<\/span>\n\t\t\t\t\t<\/a>\n\t\t\t\t<\/div>\n\t\t\t\t\t\t\t\t<\/div>\n\t\t\t\t<\/div>\n\t\t\t\t<\/div>\n\t\t\t\t<\/div>\n\t\t\t\t<\/div>\n\t\t\t\t\t<\/div>\n\t\t\t\t<\/div>\n\t\t\t\t<\/div>\n\t\t","protected":false},"excerpt":{"rendered":"<p>Usted est\u00e1 a un paso de obtener la visa EB-1. La visa EB-1 es una v\u00eda migratoria altamente valorada en los Estados Unidos, reservada para individuos con habilidades extraordinarias en sus respectivas \u00e1reas. Esta visa est\u00e1 dise\u00f1ada para reconocer y acoger talentos excepcionales de todo el mundo que contribuyen de manera significativa a los campos [&hellip;]<\/p>\n","protected":false},"author":1,"featured_media":0,"parent":0,"menu_order":0,"comment_status":"closed","ping_status":"closed","template":"elementor_header_footer","meta":{"footnotes":""},"class_list":["post-1973","page","type-page","status-publish","hentry"],"_links":{"self":[{"href":"https:\/\/linhareslaw.com\/es\/wp-json\/wp\/v2\/pages\/1973","targetHints":{"allow":["GET"]}}],"collection":[{"href":"https:\/\/linhareslaw.com\/es\/wp-json\/wp\/v2\/pages"}],"about":[{"href":"https:\/\/linhareslaw.com\/es\/wp-json\/wp\/v2\/types\/page"}],"author":[{"embeddable":true,"href":"https:\/\/linhareslaw.com\/es\/wp-json\/wp\/v2\/users\/1"}],"replies":[{"embeddable":true,"href":"https:\/\/linhareslaw.com\/es\/wp-json\/wp\/v2\/comments?post=1973"}],"version-history":[{"count":14,"href":"https:\/\/linhareslaw.com\/es\/wp-json\/wp\/v2\/pages\/1973\/revisions"}],"predecessor-version":[{"id":2219,"href":"https:\/\/linhareslaw.com\/es\/wp-json\/wp\/v2\/pages\/1973\/revisions\/2219"}],"wp:attachment":[{"href":"https:\/\/linhareslaw.com\/es\/wp-json\/wp\/v2\/media?parent=1973"}],"curies":[{"name":"wp","href":"https:\/\/api.w.org\/{rel}","templated":true}]}}