{"id":1983,"date":"2025-05-14T13:18:02","date_gmt":"2025-05-14T13:18:02","guid":{"rendered":"https:\/\/linhareslaw.com\/es\/?page_id=1983"},"modified":"2025-07-14T22:50:29","modified_gmt":"2025-07-14T22:50:29","slug":"visa-e-2","status":"publish","type":"page","link":"https:\/\/linhareslaw.com\/es\/visa-e-2\/","title":{"rendered":"Visa E-2"},"content":{"rendered":"\t\t<div data-elementor-type=\"wp-page\" data-elementor-id=\"1983\" class=\"elementor elementor-1983\" data-elementor-post-type=\"page\">\n\t\t\t\t<div class=\"elementor-element elementor-element-790fda4d e-flex e-con-boxed e-con e-parent\" data-id=\"790fda4d\" data-element_type=\"container\" data-e-type=\"container\" data-settings=\"{&quot;background_background&quot;:&quot;classic&quot;}\">\n\t\t\t\t\t<div class=\"e-con-inner\">\n\t\t<div class=\"elementor-element elementor-element-199e9760 e-con-full e-flex e-con e-child\" data-id=\"199e9760\" data-element_type=\"container\" data-e-type=\"container\">\n\t\t\t\t<div class=\"elementor-element elementor-element-7b6d2fee elementor-widget elementor-widget-heading\" data-id=\"7b6d2fee\" data-element_type=\"widget\" data-e-type=\"widget\" data-widget_type=\"heading.default\">\n\t\t\t\t<div class=\"elementor-widget-container\">\n\t\t\t\t\t<h1 class=\"elementor-heading-title elementor-size-default\">Visa E-2<\/h1>\t\t\t\t<\/div>\n\t\t\t\t<\/div>\n\t\t\t\t<\/div>\n\t\t\t\t\t<\/div>\n\t\t\t\t<\/div>\n\t\t<div class=\"elementor-element elementor-element-78536f70 e-flex e-con-boxed e-con e-parent\" data-id=\"78536f70\" data-element_type=\"container\" data-e-type=\"container\">\n\t\t\t\t\t<div class=\"e-con-inner\">\n\t\t<div class=\"elementor-element elementor-element-1813a24b e-con-full e-flex e-con e-child\" data-id=\"1813a24b\" data-element_type=\"container\" data-e-type=\"container\">\n\t\t\t\t<div class=\"elementor-element elementor-element-1c611a15 elementor-widget elementor-widget-heading\" data-id=\"1c611a15\" data-element_type=\"widget\" data-e-type=\"widget\" data-widget_type=\"heading.default\">\n\t\t\t\t<div class=\"elementor-widget-container\">\n\t\t\t\t\t<h2 class=\"elementor-heading-title elementor-size-default\">Usted est\u00e1 a un paso de obtener la visa E-2.<\/h2>\t\t\t\t<\/div>\n\t\t\t\t<\/div>\n\t\t\t\t<div class=\"elementor-element elementor-element-751c7ac4 elementor-widget elementor-widget-text-editor\" data-id=\"751c7ac4\" data-element_type=\"widget\" data-e-type=\"widget\" data-widget_type=\"text-editor.default\">\n\t\t\t\t<div class=\"elementor-widget-container\">\n\t\t\t\t\t\t\t\t\t<p>Una opci\u00f3n muy atractiva para quienes poseen la ciudadan\u00eda de pa\u00edses que tienen un acuerdo bilateral con los Estados Unidos es la visa \u201cE\u201d. Los Estados Unidos han firmado tratados con determinados pa\u00edses con el prop\u00f3sito de promover el comercio y la inversi\u00f3n entre los Estados Unidos y dichos pa\u00edses, fomentando as\u00ed las relaciones comerciales.<\/p><p>Los ciudadanos (personas f\u00edsicas o empresas) de pa\u00edses que forman parte de estos tratados con los Estados Unidos pueden obtener visas para trabajar en los Estados Unidos y desarrollar y dirigir sus inversiones y\/o comercio con los Estados Unidos.<\/p><p>Estas visas se llaman visas E y se dividen en dos tipos:<\/p><p>E-1, que est\u00e1 destinada a individuos de estos pa\u00edses que poseen empresas que desean hacer negocios con compa\u00f1\u00edas en los Estados Unidos;<\/p><p>E-2, la visa de inversionista, que est\u00e1 destinada a ciudadanos o empresas que invierten una cantidad sustancial de fondos en los Estados Unidos con la expectativa de generar empleos.<\/p><p>La visa E puede ser utilizada tanto por empresas de un solo inversionista como por grandes corporaciones multinacionales. Es importante destacar que la visa E es una visa de trabajo y no permite la obtenci\u00f3n de la green card.<\/p><p>Cont\u00e1ctenos para obtener m\u00e1s informaci\u00f3n.<\/p>\t\t\t\t\t\t\t\t<\/div>\n\t\t\t\t<\/div>\n\t\t\t\t<\/div>\n\t\t\t\t\t<\/div>\n\t\t\t\t<\/div>\n\t\t<div class=\"elementor-element elementor-element-902d03e e-flex e-con-boxed e-con e-parent\" data-id=\"902d03e\" data-element_type=\"container\" data-e-type=\"container\" data-settings=\"{&quot;background_background&quot;:&quot;classic&quot;}\">\n\t\t\t\t\t<div class=\"e-con-inner\">\n\t\t<div class=\"elementor-element elementor-element-7657b83 e-con-full e-flex e-con e-child\" data-id=\"7657b83\" data-element_type=\"container\" data-e-type=\"container\">\n\t\t<div class=\"elementor-element elementor-element-d294546 e-con-full e-flex e-con e-child\" data-id=\"d294546\" data-element_type=\"container\" data-e-type=\"container\">\n\t\t<div class=\"elementor-element elementor-element-9867fc7 e-con-full e-flex e-con e-child\" data-id=\"9867fc7\" data-element_type=\"container\" data-e-type=\"container\">\n\t\t\t\t<div class=\"elementor-element elementor-element-b505bff elementor-invisible elementor-widget elementor-widget-heading\" data-id=\"b505bff\" data-element_type=\"widget\" data-e-type=\"widget\" data-settings=\"{&quot;_animation&quot;:&quot;fadeInUp&quot;,&quot;_animation_delay&quot;:500}\" data-widget_type=\"heading.default\">\n\t\t\t\t<div class=\"elementor-widget-container\">\n\t\t\t\t\t<span class=\"elementor-heading-title elementor-size-default\">Visa E-2<\/span>\t\t\t\t<\/div>\n\t\t\t\t<\/div>\n\t\t\t\t<div class=\"elementor-element elementor-element-ee87fee elementor-invisible elementor-widget elementor-widget-heading\" data-id=\"ee87fee\" data-element_type=\"widget\" data-e-type=\"widget\" data-settings=\"{&quot;_animation&quot;:&quot;fadeInUp&quot;,&quot;_animation_delay&quot;:600}\" data-widget_type=\"heading.default\">\n\t\t\t\t<div class=\"elementor-widget-container\">\n\t\t\t\t\t<h2 class=\"elementor-heading-title elementor-size-default\">Para calificar para la visa E-2, el solicitante debe cumplir con ciertos criterios, entre ellos:\n<\/h2>\t\t\t\t<\/div>\n\t\t\t\t<\/div>\n\t\t\t\t<div class=\"elementor-element elementor-element-b8c7d2f elementor-widget-divider--view-line elementor-invisible elementor-widget elementor-widget-divider\" data-id=\"b8c7d2f\" data-element_type=\"widget\" data-e-type=\"widget\" data-settings=\"{&quot;_animation&quot;:&quot;fadeInUp&quot;,&quot;_animation_delay&quot;:700}\" data-widget_type=\"divider.default\">\n\t\t\t\t<div class=\"elementor-widget-container\">\n\t\t\t\t\t\t\t<div class=\"elementor-divider\">\n\t\t\t<span class=\"elementor-divider-separator\">\n\t\t\t\t\t\t<\/span>\n\t\t<\/div>\n\t\t\t\t\t\t<\/div>\n\t\t\t\t<\/div>\n\t\t\t\t<div class=\"elementor-element elementor-element-63cdace elementor-widget elementor-widget-text-editor\" data-id=\"63cdace\" data-element_type=\"widget\" data-e-type=\"widget\" data-widget_type=\"text-editor.default\">\n\t\t\t\t<div class=\"elementor-widget-container\">\n\t\t\t\t\t\t\t\t\tUna vez concedida, la visa E-2 permite que el solicitante y su familia residan y trabajen en los Estados Unidos mientras el negocio siga en funcionamiento. La visa generalmente se emite inicialmente por un per\u00edodo de hasta cinco a\u00f1os y puede renovarse indefinidamente, siempre que el negocio contin\u00fae cumpliendo con los requisitos de elegibilidad.\t\t\t\t\t\t\t\t<\/div>\n\t\t\t\t<\/div>\n\t\t\t\t<\/div>\n\t\t<div class=\"elementor-element elementor-element-309dfdf e-con-full e-flex e-con e-child\" data-id=\"309dfdf\" data-element_type=\"container\" data-e-type=\"container\">\n\t\t<div class=\"elementor-element elementor-element-2d3faaa e-con-full e-flex elementor-invisible e-con e-child\" data-id=\"2d3faaa\" data-element_type=\"container\" data-e-type=\"container\" data-settings=\"{&quot;animation&quot;:&quot;fadeInUp&quot;}\">\n\t\t\t\t<div class=\"elementor-element elementor-element-f769aff elementor-view-default elementor-widget elementor-widget-icon\" data-id=\"f769aff\" data-element_type=\"widget\" data-e-type=\"widget\" data-widget_type=\"icon.default\">\n\t\t\t\t<div class=\"elementor-widget-container\">\n\t\t\t\t\t\t\t<div class=\"elementor-icon-wrapper\">\n\t\t\t<div class=\"elementor-icon\">\n\t\t\t<i aria-hidden=\"true\" class=\"icon icon-customer-support-2\"><\/i>\t\t\t<\/div>\n\t\t<\/div>\n\t\t\t\t\t\t<\/div>\n\t\t\t\t<\/div>\n\t\t\t\t<div class=\"elementor-element elementor-element-5423311 elementor-widget-divider--view-line elementor-widget elementor-widget-divider\" data-id=\"5423311\" data-element_type=\"widget\" data-e-type=\"widget\" data-widget_type=\"divider.default\">\n\t\t\t\t<div class=\"elementor-widget-container\">\n\t\t\t\t\t\t\t<div class=\"elementor-divider\">\n\t\t\t<span class=\"elementor-divider-separator\">\n\t\t\t\t\t\t<\/span>\n\t\t<\/div>\n\t\t\t\t\t\t<\/div>\n\t\t\t\t<\/div>\n\t\t\t\t<div class=\"elementor-element elementor-element-f1ee1aa elementor-widget elementor-widget-heading\" data-id=\"f1ee1aa\" data-element_type=\"widget\" data-e-type=\"widget\" data-widget_type=\"heading.default\">\n\t\t\t\t<div class=\"elementor-widget-container\">\n\t\t\t\t\t<h4 class=\"elementor-heading-title elementor-size-default\">Ciudadan\u00eda de un pa\u00eds elegible<\/h4>\t\t\t\t<\/div>\n\t\t\t\t<\/div>\n\t\t\t\t<div class=\"elementor-element elementor-element-84d56e4 elementor-widget elementor-widget-text-editor\" data-id=\"84d56e4\" data-element_type=\"widget\" data-e-type=\"widget\" data-widget_type=\"text-editor.default\">\n\t\t\t\t<div class=\"elementor-widget-container\">\n\t\t\t\t\t\t\t\t\t<p>El solicitante debe ser ciudadano de un pa\u00eds que tenga un tratado de comercio y navegaci\u00f3n con los Estados Unidos. No todos los pa\u00edses son elegibles para la visa E-2, por lo que es importante verificar la lista de pa\u00edses designados.<\/p>\t\t\t\t\t\t\t\t<\/div>\n\t\t\t\t<\/div>\n\t\t\t\t<\/div>\n\t\t\t\t<\/div>\n\t\t\t\t<\/div>\n\t\t<div class=\"elementor-element elementor-element-05e6a4a e-con-full e-flex e-con e-child\" data-id=\"05e6a4a\" data-element_type=\"container\" data-e-type=\"container\">\n\t\t<div class=\"elementor-element elementor-element-dba6a8c e-con-full e-flex elementor-invisible e-con e-child\" data-id=\"dba6a8c\" data-element_type=\"container\" data-e-type=\"container\" data-settings=\"{&quot;animation&quot;:&quot;fadeInUp&quot;}\">\n\t\t\t\t<div class=\"elementor-element elementor-element-c47a2ad elementor-view-default elementor-widget elementor-widget-icon\" data-id=\"c47a2ad\" data-element_type=\"widget\" data-e-type=\"widget\" data-widget_type=\"icon.default\">\n\t\t\t\t<div class=\"elementor-widget-container\">\n\t\t\t\t\t\t\t<div class=\"elementor-icon-wrapper\">\n\t\t\t<div class=\"elementor-icon\">\n\t\t\t<i aria-hidden=\"true\" class=\"icon icon-team\"><\/i>\t\t\t<\/div>\n\t\t<\/div>\n\t\t\t\t\t\t<\/div>\n\t\t\t\t<\/div>\n\t\t\t\t<div class=\"elementor-element elementor-element-bc60b18 elementor-widget-divider--view-line elementor-widget elementor-widget-divider\" data-id=\"bc60b18\" data-element_type=\"widget\" data-e-type=\"widget\" data-widget_type=\"divider.default\">\n\t\t\t\t<div class=\"elementor-widget-container\">\n\t\t\t\t\t\t\t<div class=\"elementor-divider\">\n\t\t\t<span class=\"elementor-divider-separator\">\n\t\t\t\t\t\t<\/span>\n\t\t<\/div>\n\t\t\t\t\t\t<\/div>\n\t\t\t\t<\/div>\n\t\t\t\t<div class=\"elementor-element elementor-element-5aaff69 elementor-widget elementor-widget-heading\" data-id=\"5aaff69\" data-element_type=\"widget\" data-e-type=\"widget\" data-widget_type=\"heading.default\">\n\t\t\t\t<div class=\"elementor-widget-container\">\n\t\t\t\t\t<h4 class=\"elementor-heading-title elementor-size-default\">Inversi\u00f3n sustancial<\/h4>\t\t\t\t<\/div>\n\t\t\t\t<\/div>\n\t\t\t\t<div class=\"elementor-element elementor-element-6f5e96e elementor-widget elementor-widget-text-editor\" data-id=\"6f5e96e\" data-element_type=\"widget\" data-e-type=\"widget\" data-widget_type=\"text-editor.default\">\n\t\t\t\t<div class=\"elementor-widget-container\">\n\t\t\t\t\t\t\t\t\t<p>El solicitante debe realizar una inversi\u00f3n sustancial en un negocio en los Estados Unidos. El monto exacto de la inversi\u00f3n puede variar seg\u00fan el tipo de negocio, pero generalmente implica una cantidad significativa de capital.<\/p>\t\t\t\t\t\t\t\t<\/div>\n\t\t\t\t<\/div>\n\t\t\t\t<\/div>\n\t\t<div class=\"elementor-element elementor-element-b94d50f e-con-full e-flex elementor-invisible e-con e-child\" data-id=\"b94d50f\" data-element_type=\"container\" data-e-type=\"container\" data-settings=\"{&quot;animation&quot;:&quot;fadeInDown&quot;}\">\n\t\t\t\t<div class=\"elementor-element elementor-element-14dff84 elementor-view-default elementor-widget elementor-widget-icon\" data-id=\"14dff84\" data-element_type=\"widget\" data-e-type=\"widget\" data-widget_type=\"icon.default\">\n\t\t\t\t<div class=\"elementor-widget-container\">\n\t\t\t\t\t\t\t<div class=\"elementor-icon-wrapper\">\n\t\t\t<div class=\"elementor-icon\">\n\t\t\t<i aria-hidden=\"true\" class=\"icon icon-save-money\"><\/i>\t\t\t<\/div>\n\t\t<\/div>\n\t\t\t\t\t\t<\/div>\n\t\t\t\t<\/div>\n\t\t\t\t<div class=\"elementor-element elementor-element-053e60c elementor-widget-divider--view-line elementor-widget elementor-widget-divider\" data-id=\"053e60c\" data-element_type=\"widget\" data-e-type=\"widget\" data-widget_type=\"divider.default\">\n\t\t\t\t<div class=\"elementor-widget-container\">\n\t\t\t\t\t\t\t<div class=\"elementor-divider\">\n\t\t\t<span class=\"elementor-divider-separator\">\n\t\t\t\t\t\t<\/span>\n\t\t<\/div>\n\t\t\t\t\t\t<\/div>\n\t\t\t\t<\/div>\n\t\t\t\t<div class=\"elementor-element elementor-element-bfa08ac elementor-widget elementor-widget-heading\" data-id=\"bfa08ac\" data-element_type=\"widget\" data-e-type=\"widget\" data-widget_type=\"heading.default\">\n\t\t\t\t<div class=\"elementor-widget-container\">\n\t\t\t\t\t<h4 class=\"elementor-heading-title elementor-size-default\">Creaci\u00f3n de empleos:<\/h4>\t\t\t\t<\/div>\n\t\t\t\t<\/div>\n\t\t\t\t<div class=\"elementor-element elementor-element-10d1b95 elementor-widget elementor-widget-text-editor\" data-id=\"10d1b95\" data-element_type=\"widget\" data-e-type=\"widget\" data-widget_type=\"text-editor.default\">\n\t\t\t\t<div class=\"elementor-widget-container\">\n\t\t\t\t\t\t\t\t\tEl negocio debe tener el potencial de generar empleos para trabajadores estadounidenses. Aunque no existe un n\u00famero espec\u00edfico de empleos requeridos, la creaci\u00f3n de oportunidades laborales en los Estados Unidos es un aspecto importante para la elegibilidad de la visa E-2.\t\t\t\t\t\t\t\t<\/div>\n\t\t\t\t<\/div>\n\t\t\t\t<\/div>\n\t\t\t\t<\/div>\n\t\t<div class=\"elementor-element elementor-element-0213a08 e-con-full e-flex e-con e-child\" data-id=\"0213a08\" data-element_type=\"container\" data-e-type=\"container\">\n\t\t<div class=\"elementor-element elementor-element-0bd5fae e-con-full e-flex e-con e-child\" data-id=\"0bd5fae\" data-element_type=\"container\" data-e-type=\"container\">\n\t\t\t\t<div class=\"elementor-element elementor-element-ac332e3 elementor-align-center elementor-widget__width-auto elementor-widget elementor-widget-button\" data-id=\"ac332e3\" data-element_type=\"widget\" data-e-type=\"widget\" data-widget_type=\"button.default\">\n\t\t\t\t<div class=\"elementor-widget-container\">\n\t\t\t\t\t\t\t\t\t<div class=\"elementor-button-wrapper\">\n\t\t\t\t\t<a class=\"elementor-button elementor-button-link elementor-size-sm\" href=\"#elementor-action%3Aaction%3Dpopup%3Aopen%26settings%3DeyJpZCI6IjE5NDciLCJ0b2dnbGUiOmZhbHNlfQ%3D%3D\" target=\"_blank\">\n\t\t\t\t\t\t<span class=\"elementor-button-content-wrapper\">\n\t\t\t\t\t\t\t\t\t<span class=\"elementor-button-text\">HAGA SU CITA<\/span>\n\t\t\t\t\t<\/span>\n\t\t\t\t\t<\/a>\n\t\t\t\t<\/div>\n\t\t\t\t\t\t\t\t<\/div>\n\t\t\t\t<\/div>\n\t\t\t\t<\/div>\n\t\t\t\t<\/div>\n\t\t\t\t<\/div>\n\t\t\t\t\t<\/div>\n\t\t\t\t<\/div>\n\t\t\t\t<\/div>\n\t\t","protected":false},"excerpt":{"rendered":"<p>Usted est\u00e1 a un paso de obtener la visa E-2. Una opci\u00f3n muy atractiva para quienes poseen la ciudadan\u00eda de pa\u00edses que tienen un acuerdo bilateral con los Estados Unidos es la visa \u201cE\u201d. Los Estados Unidos han firmado tratados con determinados pa\u00edses con el prop\u00f3sito de promover el comercio y la inversi\u00f3n entre los [&hellip;]<\/p>\n","protected":false},"author":1,"featured_media":0,"parent":0,"menu_order":0,"comment_status":"closed","ping_status":"closed","template":"elementor_header_footer","meta":{"footnotes":""},"class_list":["post-1983","page","type-page","status-publish","hentry"],"_links":{"self":[{"href":"https:\/\/linhareslaw.com\/es\/wp-json\/wp\/v2\/pages\/1983","targetHints":{"allow":["GET"]}}],"collection":[{"href":"https:\/\/linhareslaw.com\/es\/wp-json\/wp\/v2\/pages"}],"about":[{"href":"https:\/\/linhareslaw.com\/es\/wp-json\/wp\/v2\/types\/page"}],"author":[{"embeddable":true,"href":"https:\/\/linhareslaw.com\/es\/wp-json\/wp\/v2\/users\/1"}],"replies":[{"embeddable":true,"href":"https:\/\/linhareslaw.com\/es\/wp-json\/wp\/v2\/comments?post=1983"}],"version-history":[{"count":11,"href":"https:\/\/linhareslaw.com\/es\/wp-json\/wp\/v2\/pages\/1983\/revisions"}],"predecessor-version":[{"id":2223,"href":"https:\/\/linhareslaw.com\/es\/wp-json\/wp\/v2\/pages\/1983\/revisions\/2223"}],"wp:attachment":[{"href":"https:\/\/linhareslaw.com\/es\/wp-json\/wp\/v2\/media?parent=1983"}],"curies":[{"name":"wp","href":"https:\/\/api.w.org\/{rel}","templated":true}]}}