{"id":2001,"date":"2025-05-14T13:27:42","date_gmt":"2025-05-14T13:27:42","guid":{"rendered":"https:\/\/linhareslaw.com\/es\/?page_id=2001"},"modified":"2025-07-14T23:00:19","modified_gmt":"2025-07-14T23:00:19","slug":"visa-eb-5","status":"publish","type":"page","link":"https:\/\/linhareslaw.com\/es\/visa-eb-5\/","title":{"rendered":"Visa EB-5"},"content":{"rendered":"\t\t<div data-elementor-type=\"wp-page\" data-elementor-id=\"2001\" class=\"elementor elementor-2001\" data-elementor-post-type=\"page\">\n\t\t\t\t<div class=\"elementor-element elementor-element-790fda4d e-flex e-con-boxed e-con e-parent\" data-id=\"790fda4d\" data-element_type=\"container\" data-e-type=\"container\" data-settings=\"{&quot;background_background&quot;:&quot;classic&quot;}\">\n\t\t\t\t\t<div class=\"e-con-inner\">\n\t\t<div class=\"elementor-element elementor-element-199e9760 e-con-full e-flex e-con e-child\" data-id=\"199e9760\" data-element_type=\"container\" data-e-type=\"container\">\n\t\t\t\t<div class=\"elementor-element elementor-element-7b6d2fee elementor-widget elementor-widget-heading\" data-id=\"7b6d2fee\" data-element_type=\"widget\" data-e-type=\"widget\" data-widget_type=\"heading.default\">\n\t\t\t\t<div class=\"elementor-widget-container\">\n\t\t\t\t\t<h1 class=\"elementor-heading-title elementor-size-default\">Visa EB-5<\/h1>\t\t\t\t<\/div>\n\t\t\t\t<\/div>\n\t\t\t\t<\/div>\n\t\t\t\t\t<\/div>\n\t\t\t\t<\/div>\n\t\t<div class=\"elementor-element elementor-element-78536f70 e-flex e-con-boxed e-con e-parent\" data-id=\"78536f70\" data-element_type=\"container\" data-e-type=\"container\">\n\t\t\t\t\t<div class=\"e-con-inner\">\n\t\t<div class=\"elementor-element elementor-element-1813a24b e-con-full e-flex e-con e-child\" data-id=\"1813a24b\" data-element_type=\"container\" data-e-type=\"container\">\n\t\t\t\t<div class=\"elementor-element elementor-element-1c611a15 elementor-widget elementor-widget-heading\" data-id=\"1c611a15\" data-element_type=\"widget\" data-e-type=\"widget\" data-widget_type=\"heading.default\">\n\t\t\t\t<div class=\"elementor-widget-container\">\n\t\t\t\t\t<h2 class=\"elementor-heading-title elementor-size-default\">Est\u00e1 a un paso de obtener la visa EB-5<\/h2>\t\t\t\t<\/div>\n\t\t\t\t<\/div>\n\t\t\t\t<div class=\"elementor-element elementor-element-751c7ac4 elementor-widget elementor-widget-text-editor\" data-id=\"751c7ac4\" data-element_type=\"widget\" data-e-type=\"widget\" data-widget_type=\"text-editor.default\">\n\t\t\t\t<div class=\"elementor-widget-container\">\n\t\t\t\t\t\t\t\t\t<p>Dado que no existe un acuerdo bilateral en materia de visas de inversionista entre Brasil y Estados Unidos, la visa EB-5 se ha convertido en una opci\u00f3n muy atractiva para quienes desean residir de forma permanente o por un largo plazo en los Estados Unidos, ya que cualquier ciudadano es apto para solicitarla.<\/p><p>Se trata de una visa compleja, pero muy beneficiosa, ya que permite la obtenci\u00f3n directa de la tan deseada green card. Esta visa, al igual que las dem\u00e1s, tiene ciertos requisitos que deben cumplirse rigurosamente. A continuaci\u00f3n, un resumen de estos requisitos:<\/p><ol><li>La inversi\u00f3n debe realizarse en un negocio, no en inversiones como la bolsa de valores;<\/li><li>La inversi\u00f3n debe provenir del propio solicitante y de fuentes l\u00edcitas que acrediten el origen del dinero. Puede tratarse de un regalo de un familiar u otra persona, siempre que se compruebe el pago de los impuestos correspondientes, si as\u00ed se requiere;<\/li><li>La inversi\u00f3n debe ser de 1 mill\u00f3n de d\u00f3lares en un negocio propio, pero si se realiza en un Centro Regional, el monto m\u00ednimo baja a 500 mil d\u00f3lares;<\/li><li>Debe generarse la creaci\u00f3n de 10 empleos directos \u2013 se requiere creaci\u00f3n directa de empleo si la inversi\u00f3n es de 1 mill\u00f3n, o creaci\u00f3n directa e indirecta si se invierte en un Centro Regional.<\/li><li>La inversi\u00f3n puede consistir en una aportaci\u00f3n de diferentes formas de capital, incluyendo dinero, equipo, inventario, propiedad u otros bienes tangibles. La inversi\u00f3n de 1 mill\u00f3n de d\u00f3lares debe aplicarse en un negocio propio (como un restaurante, por ejemplo) y generar 10 nuevos empleos directos. Sin embargo, 500,000 d\u00f3lares es aceptable si el negocio se encuentra en un \u00e1rea de empleo \u201cdirigida\u201d, enfocada en la creaci\u00f3n de nuevos empleos. Estas \u00e1reas suelen ser rurales o tener una tasa de desempleo de al menos 150% del promedio nacional, seg\u00fan la designaci\u00f3n de la Oficina de Gesti\u00f3n y Presupuesto de los Estados Unidos.<\/li><\/ol><p>La visa EB-5 es actualmente una opci\u00f3n muy popular entre inversionistas extranjeros debido a la seguridad que ofrecen los Estados Unidos en comparaci\u00f3n con la inseguridad y la incertidumbre pol\u00edtica en varios pa\u00edses de Am\u00e9rica del Sur.<\/p><p>Cont\u00e1ctenos para m\u00e1s informaci\u00f3n y asesor\u00eda.<\/p>\t\t\t\t\t\t\t\t<\/div>\n\t\t\t\t<\/div>\n\t\t\t\t<\/div>\n\t\t\t\t\t<\/div>\n\t\t\t\t<\/div>\n\t\t<div class=\"elementor-element elementor-element-902d03e e-flex e-con-boxed e-con e-parent\" data-id=\"902d03e\" data-element_type=\"container\" data-e-type=\"container\" data-settings=\"{&quot;background_background&quot;:&quot;classic&quot;}\">\n\t\t\t\t\t<div class=\"e-con-inner\">\n\t\t<div class=\"elementor-element elementor-element-7657b83 e-con-full e-flex e-con e-child\" data-id=\"7657b83\" data-element_type=\"container\" data-e-type=\"container\">\n\t\t<div class=\"elementor-element elementor-element-d294546 e-con-full e-flex e-con e-child\" data-id=\"d294546\" data-element_type=\"container\" data-e-type=\"container\">\n\t\t<div class=\"elementor-element elementor-element-9867fc7 e-con-full e-flex e-con e-child\" data-id=\"9867fc7\" data-element_type=\"container\" data-e-type=\"container\">\n\t\t\t\t<div class=\"elementor-element elementor-element-b505bff elementor-invisible elementor-widget elementor-widget-heading\" data-id=\"b505bff\" data-element_type=\"widget\" data-e-type=\"widget\" data-settings=\"{&quot;_animation&quot;:&quot;fadeInUp&quot;,&quot;_animation_delay&quot;:500}\" data-widget_type=\"heading.default\">\n\t\t\t\t<div class=\"elementor-widget-container\">\n\t\t\t\t\t<span class=\"elementor-heading-title elementor-size-default\">Visa EB-5<\/span>\t\t\t\t<\/div>\n\t\t\t\t<\/div>\n\t\t\t\t<div class=\"elementor-element elementor-element-ee87fee elementor-invisible elementor-widget elementor-widget-heading\" data-id=\"ee87fee\" data-element_type=\"widget\" data-e-type=\"widget\" data-settings=\"{&quot;_animation&quot;:&quot;fadeInUp&quot;,&quot;_animation_delay&quot;:600}\" data-widget_type=\"heading.default\">\n\t\t\t\t<div class=\"elementor-widget-container\">\n\t\t\t\t\t<h2 class=\"elementor-heading-title elementor-size-default\">Existen tres categor\u00edas distintas dentro de la visa EB-1, y cada una tiene criterios espec\u00edficos de elegibilidad:<\/h2>\t\t\t\t<\/div>\n\t\t\t\t<\/div>\n\t\t\t\t<div class=\"elementor-element elementor-element-b8c7d2f elementor-widget-divider--view-line elementor-invisible elementor-widget elementor-widget-divider\" data-id=\"b8c7d2f\" data-element_type=\"widget\" data-e-type=\"widget\" data-settings=\"{&quot;_animation&quot;:&quot;fadeInUp&quot;,&quot;_animation_delay&quot;:700}\" data-widget_type=\"divider.default\">\n\t\t\t\t<div class=\"elementor-widget-container\">\n\t\t\t\t\t\t\t<div class=\"elementor-divider\">\n\t\t\t<span class=\"elementor-divider-separator\">\n\t\t\t\t\t\t<\/span>\n\t\t<\/div>\n\t\t\t\t\t\t<\/div>\n\t\t\t\t<\/div>\n\t\t\t\t<div class=\"elementor-element elementor-element-63cdace elementor-widget elementor-widget-text-editor\" data-id=\"63cdace\" data-element_type=\"widget\" data-e-type=\"widget\" data-widget_type=\"text-editor.default\">\n\t\t\t\t<div class=\"elementor-widget-container\">\n\t\t\t\t\t\t\t\t\tLa visa EB-5 es una v\u00eda de inmigraci\u00f3n a los Estados Unidos destinada a inversores extranjeros que desean obtener la residencia permanente en el pa\u00eds. Esta visa est\u00e1 dise\u00f1ada para incentivar la inversi\u00f3n empresarial en los Estados Unidos y la creaci\u00f3n de empleos.\t\t\t\t\t\t\t\t<\/div>\n\t\t\t\t<\/div>\n\t\t\t\t<\/div>\n\t\t<div class=\"elementor-element elementor-element-309dfdf e-con-full e-flex e-con e-child\" data-id=\"309dfdf\" data-element_type=\"container\" data-e-type=\"container\">\n\t\t<div class=\"elementor-element elementor-element-2d3faaa e-con-full e-flex elementor-invisible e-con e-child\" data-id=\"2d3faaa\" data-element_type=\"container\" data-e-type=\"container\" data-settings=\"{&quot;animation&quot;:&quot;fadeInUp&quot;}\">\n\t\t\t\t<div class=\"elementor-element elementor-element-f769aff elementor-view-default elementor-widget elementor-widget-icon\" data-id=\"f769aff\" data-element_type=\"widget\" data-e-type=\"widget\" data-widget_type=\"icon.default\">\n\t\t\t\t<div class=\"elementor-widget-container\">\n\t\t\t\t\t\t\t<div class=\"elementor-icon-wrapper\">\n\t\t\t<div class=\"elementor-icon\">\n\t\t\t<i aria-hidden=\"true\" class=\"icon icon-Money-2\"><\/i>\t\t\t<\/div>\n\t\t<\/div>\n\t\t\t\t\t\t<\/div>\n\t\t\t\t<\/div>\n\t\t\t\t<div class=\"elementor-element elementor-element-5423311 elementor-widget-divider--view-line elementor-widget elementor-widget-divider\" data-id=\"5423311\" data-element_type=\"widget\" data-e-type=\"widget\" data-widget_type=\"divider.default\">\n\t\t\t\t<div class=\"elementor-widget-container\">\n\t\t\t\t\t\t\t<div class=\"elementor-divider\">\n\t\t\t<span class=\"elementor-divider-separator\">\n\t\t\t\t\t\t<\/span>\n\t\t<\/div>\n\t\t\t\t\t\t<\/div>\n\t\t\t\t<\/div>\n\t\t\t\t<div class=\"elementor-element elementor-element-f1ee1aa elementor-widget elementor-widget-heading\" data-id=\"f1ee1aa\" data-element_type=\"widget\" data-e-type=\"widget\" data-widget_type=\"heading.default\">\n\t\t\t\t<div class=\"elementor-widget-container\">\n\t\t\t\t\t<h4 class=\"elementor-heading-title elementor-size-default\">Inversi\u00f3n m\u00ednima<\/h4>\t\t\t\t<\/div>\n\t\t\t\t<\/div>\n\t\t\t\t<div class=\"elementor-element elementor-element-84d56e4 elementor-widget elementor-widget-text-editor\" data-id=\"84d56e4\" data-element_type=\"widget\" data-e-type=\"widget\" data-widget_type=\"text-editor.default\">\n\t\t\t\t<div class=\"elementor-widget-container\">\n\t\t\t\t\t\t\t\t\tEl inversionista debe realizar una inversi\u00f3n significativa en una nueva empresa comercial en los Estados Unidos. El monto m\u00ednimo de la inversi\u00f3n var\u00eda seg\u00fan la ubicaci\u00f3n del negocio, pero generalmente es de $1.8 millones.\t\t\t\t\t\t\t\t<\/div>\n\t\t\t\t<\/div>\n\t\t\t\t<\/div>\n\t\t\t\t<\/div>\n\t\t\t\t<\/div>\n\t\t<div class=\"elementor-element elementor-element-05e6a4a e-con-full e-flex e-con e-child\" data-id=\"05e6a4a\" data-element_type=\"container\" data-e-type=\"container\">\n\t\t<div class=\"elementor-element elementor-element-dba6a8c e-con-full e-flex elementor-invisible e-con e-child\" data-id=\"dba6a8c\" data-element_type=\"container\" data-e-type=\"container\" data-settings=\"{&quot;animation&quot;:&quot;fadeInUp&quot;}\">\n\t\t\t\t<div class=\"elementor-element elementor-element-c47a2ad elementor-view-default elementor-widget elementor-widget-icon\" data-id=\"c47a2ad\" data-element_type=\"widget\" data-e-type=\"widget\" data-widget_type=\"icon.default\">\n\t\t\t\t<div class=\"elementor-widget-container\">\n\t\t\t\t\t\t\t<div class=\"elementor-icon-wrapper\">\n\t\t\t<div class=\"elementor-icon\">\n\t\t\t<i aria-hidden=\"true\" class=\"icon icon-team-1\"><\/i>\t\t\t<\/div>\n\t\t<\/div>\n\t\t\t\t\t\t<\/div>\n\t\t\t\t<\/div>\n\t\t\t\t<div class=\"elementor-element elementor-element-bc60b18 elementor-widget-divider--view-line elementor-widget elementor-widget-divider\" data-id=\"bc60b18\" data-element_type=\"widget\" data-e-type=\"widget\" data-widget_type=\"divider.default\">\n\t\t\t\t<div class=\"elementor-widget-container\">\n\t\t\t\t\t\t\t<div class=\"elementor-divider\">\n\t\t\t<span class=\"elementor-divider-separator\">\n\t\t\t\t\t\t<\/span>\n\t\t<\/div>\n\t\t\t\t\t\t<\/div>\n\t\t\t\t<\/div>\n\t\t\t\t<div class=\"elementor-element elementor-element-5aaff69 elementor-widget elementor-widget-heading\" data-id=\"5aaff69\" data-element_type=\"widget\" data-e-type=\"widget\" data-widget_type=\"heading.default\">\n\t\t\t\t<div class=\"elementor-widget-container\">\n\t\t\t\t\t<h4 class=\"elementor-heading-title elementor-size-default\">Creaci\u00f3n de empleos\n<\/h4>\t\t\t\t<\/div>\n\t\t\t\t<\/div>\n\t\t\t\t<div class=\"elementor-element elementor-element-6f5e96e elementor-widget elementor-widget-text-editor\" data-id=\"6f5e96e\" data-element_type=\"widget\" data-e-type=\"widget\" data-widget_type=\"text-editor.default\">\n\t\t\t\t<div class=\"elementor-widget-container\">\n\t\t\t\t\t\t\t\t\t<p>La inversi\u00f3n debe resultar en la creaci\u00f3n de al menos 10 empleos a tiempo completo para trabajadores calificados en los Estados Unidos. Estos empleos deben mantenerse durante un per\u00edodo m\u00ednimo de dos a\u00f1os.<\/p>\t\t\t\t\t\t\t\t<\/div>\n\t\t\t\t<\/div>\n\t\t\t\t<\/div>\n\t\t<div class=\"elementor-element elementor-element-b94d50f e-con-full e-flex elementor-invisible e-con e-child\" data-id=\"b94d50f\" data-element_type=\"container\" data-e-type=\"container\" data-settings=\"{&quot;animation&quot;:&quot;fadeInDown&quot;}\">\n\t\t\t\t<div class=\"elementor-element elementor-element-14dff84 elementor-view-default elementor-widget elementor-widget-icon\" data-id=\"14dff84\" data-element_type=\"widget\" data-e-type=\"widget\" data-widget_type=\"icon.default\">\n\t\t\t\t<div class=\"elementor-widget-container\">\n\t\t\t\t\t\t\t<div class=\"elementor-icon-wrapper\">\n\t\t\t<div class=\"elementor-icon\">\n\t\t\t<i aria-hidden=\"true\" class=\"icon icon-save-money\"><\/i>\t\t\t<\/div>\n\t\t<\/div>\n\t\t\t\t\t\t<\/div>\n\t\t\t\t<\/div>\n\t\t\t\t<div class=\"elementor-element elementor-element-053e60c elementor-widget-divider--view-line elementor-widget elementor-widget-divider\" data-id=\"053e60c\" data-element_type=\"widget\" data-e-type=\"widget\" data-widget_type=\"divider.default\">\n\t\t\t\t<div class=\"elementor-widget-container\">\n\t\t\t\t\t\t\t<div class=\"elementor-divider\">\n\t\t\t<span class=\"elementor-divider-separator\">\n\t\t\t\t\t\t<\/span>\n\t\t<\/div>\n\t\t\t\t\t\t<\/div>\n\t\t\t\t<\/div>\n\t\t\t\t<div class=\"elementor-element elementor-element-bfa08ac elementor-widget elementor-widget-heading\" data-id=\"bfa08ac\" data-element_type=\"widget\" data-e-type=\"widget\" data-widget_type=\"heading.default\">\n\t\t\t\t<div class=\"elementor-widget-container\">\n\t\t\t\t\t<h4 class=\"elementor-heading-title elementor-size-default\">Participaci\u00f3n activa<\/h4>\t\t\t\t<\/div>\n\t\t\t\t<\/div>\n\t\t\t\t<div class=\"elementor-element elementor-element-10d1b95 elementor-widget elementor-widget-text-editor\" data-id=\"10d1b95\" data-element_type=\"widget\" data-e-type=\"widget\" data-widget_type=\"text-editor.default\">\n\t\t\t\t<div class=\"elementor-widget-container\">\n\t\t\t\t\t\t\t\t\t<p>El inversionista debe tener un papel activo en la gesti\u00f3n de la empresa comercial en la que ha invertido. Esto puede implicar su participaci\u00f3n en la toma de decisiones diarias o en la administraci\u00f3n general del negocio.<\/p>\t\t\t\t\t\t\t\t<\/div>\n\t\t\t\t<\/div>\n\t\t\t\t<\/div>\n\t\t\t\t<\/div>\n\t\t<div class=\"elementor-element elementor-element-0213a08 e-con-full e-flex e-con e-child\" data-id=\"0213a08\" data-element_type=\"container\" data-e-type=\"container\">\n\t\t<div class=\"elementor-element elementor-element-0bd5fae e-con-full e-flex e-con e-child\" data-id=\"0bd5fae\" data-element_type=\"container\" data-e-type=\"container\">\n\t\t\t\t<div class=\"elementor-element elementor-element-ac332e3 elementor-align-center elementor-widget__width-auto elementor-widget elementor-widget-button\" data-id=\"ac332e3\" data-element_type=\"widget\" data-e-type=\"widget\" data-widget_type=\"button.default\">\n\t\t\t\t<div class=\"elementor-widget-container\">\n\t\t\t\t\t\t\t\t\t<div class=\"elementor-button-wrapper\">\n\t\t\t\t\t<a class=\"elementor-button elementor-button-link elementor-size-sm\" href=\"#elementor-action%3Aaction%3Dpopup%3Aopen%26settings%3DeyJpZCI6IjE5NDciLCJ0b2dnbGUiOmZhbHNlfQ%3D%3D\" target=\"_blank\">\n\t\t\t\t\t\t<span class=\"elementor-button-content-wrapper\">\n\t\t\t\t\t\t\t\t\t<span class=\"elementor-button-text\">HAGA SU CITA<\/span>\n\t\t\t\t\t<\/span>\n\t\t\t\t\t<\/a>\n\t\t\t\t<\/div>\n\t\t\t\t\t\t\t\t<\/div>\n\t\t\t\t<\/div>\n\t\t\t\t<\/div>\n\t\t\t\t<\/div>\n\t\t\t\t<\/div>\n\t\t\t\t\t<\/div>\n\t\t\t\t<\/div>\n\t\t<div class=\"elementor-element elementor-element-c6fe5cf e-flex e-con-boxed e-con e-parent\" data-id=\"c6fe5cf\" data-element_type=\"container\" data-e-type=\"container\" data-settings=\"{&quot;background_background&quot;:&quot;classic&quot;}\">\n\t\t\t\t\t<div class=\"e-con-inner\">\n\t\t\t\t<div class=\"elementor-element elementor-element-b4b60a6 elementor-widget elementor-widget-video\" data-id=\"b4b60a6\" data-element_type=\"widget\" data-e-type=\"widget\" data-settings=\"{&quot;youtube_url&quot;:&quot;https:\\\/\\\/youtu.be\\\/cMLogHNCEZ4?si=VCF5pGMoLgZyoEWq&quot;,&quot;video_type&quot;:&quot;youtube&quot;,&quot;controls&quot;:&quot;yes&quot;}\" data-widget_type=\"video.default\">\n\t\t\t\t<div class=\"elementor-widget-container\">\n\t\t\t\t\t\t\t<div class=\"elementor-wrapper elementor-open-inline\">\n\t\t\t<div class=\"elementor-video\"><\/div>\t\t<\/div>\n\t\t\t\t\t\t<\/div>\n\t\t\t\t<\/div>\n\t\t\t\t\t<\/div>\n\t\t\t\t<\/div>\n\t\t\t\t<\/div>\n\t\t","protected":false},"excerpt":{"rendered":"<p>Est\u00e1 a un paso de obtener la visa EB-5 Dado que no existe un acuerdo bilateral en materia de visas de inversionista entre Brasil y Estados Unidos, la visa EB-5 se ha convertido en una opci\u00f3n muy atractiva para quienes desean residir de forma permanente o por un largo plazo en los Estados Unidos, ya [&hellip;]<\/p>\n","protected":false},"author":1,"featured_media":0,"parent":0,"menu_order":0,"comment_status":"closed","ping_status":"closed","template":"elementor_header_footer","meta":{"footnotes":""},"class_list":["post-2001","page","type-page","status-publish","hentry"],"_links":{"self":[{"href":"https:\/\/linhareslaw.com\/es\/wp-json\/wp\/v2\/pages\/2001","targetHints":{"allow":["GET"]}}],"collection":[{"href":"https:\/\/linhareslaw.com\/es\/wp-json\/wp\/v2\/pages"}],"about":[{"href":"https:\/\/linhareslaw.com\/es\/wp-json\/wp\/v2\/types\/page"}],"author":[{"embeddable":true,"href":"https:\/\/linhareslaw.com\/es\/wp-json\/wp\/v2\/users\/1"}],"replies":[{"embeddable":true,"href":"https:\/\/linhareslaw.com\/es\/wp-json\/wp\/v2\/comments?post=2001"}],"version-history":[{"count":14,"href":"https:\/\/linhareslaw.com\/es\/wp-json\/wp\/v2\/pages\/2001\/revisions"}],"predecessor-version":[{"id":2229,"href":"https:\/\/linhareslaw.com\/es\/wp-json\/wp\/v2\/pages\/2001\/revisions\/2229"}],"wp:attachment":[{"href":"https:\/\/linhareslaw.com\/es\/wp-json\/wp\/v2\/media?parent=2001"}],"curies":[{"name":"wp","href":"https:\/\/api.w.org\/{rel}","templated":true}]}}